{"id":104,"date":"2014-09-09T07:58:49","date_gmt":"2014-09-09T07:58:49","guid":{"rendered":"http:\/\/www.interpret.com.hr\/?page_id=104"},"modified":"2026-03-01T10:14:29","modified_gmt":"2026-03-01T10:14:29","slug":"dobro-dosli","status":"publish","type":"page","link":"https:\/\/www.interpret.com.hr\/","title":{"rendered":"Home"},"content":{"rendered":"\n[et_pb_section fb_built=&#8221;1&#8243; admin_label=&#8221;section&#8221; _builder_version=&#8221;4.16&#8243; global_colors_info=&#8221;{}&#8221;][et_pb_row admin_label=&#8221;row&#8221; _builder_version=&#8221;4.16&#8243; background_size=&#8221;initial&#8221; background_position=&#8221;top_left&#8221; background_repeat=&#8221;repeat&#8221; global_colors_info=&#8221;{}&#8221;][et_pb_column type=&#8221;4_4&#8243; _builder_version=&#8221;4.16&#8243; custom_padding=&#8221;|||&#8221; global_colors_info=&#8221;{}&#8221; custom_padding__hover=&#8221;|||&#8221;][et_pb_slider _builder_version=&#8221;4.16&#8243; custom_padding=&#8221;|||&#8221; custom_padding_tablet=&#8221;|||&#8221; custom_padding_phone=&#8221;|||&#8221; box_shadow_style=&#8221;preset6&#8243; box_shadow_blur=&#8221;10px&#8221; box_shadow_color=&#8221;rgba(0,0,0,0.1)&#8221; show_inner_shadow=&#8221;on&#8221; global_colors_info=&#8221;{}&#8221; button_text_size__hover_enabled=&#8221;off&#8221; button_one_text_size__hover_enabled=&#8221;off&#8221; button_two_text_size__hover_enabled=&#8221;off&#8221; button_text_color__hover_enabled=&#8221;off&#8221; button_one_text_color__hover_enabled=&#8221;off&#8221; button_two_text_color__hover_enabled=&#8221;off&#8221; button_border_width__hover_enabled=&#8221;off&#8221; button_one_border_width__hover_enabled=&#8221;off&#8221; button_two_border_width__hover_enabled=&#8221;off&#8221; button_border_color__hover_enabled=&#8221;off&#8221; button_one_border_color__hover_enabled=&#8221;off&#8221; button_two_border_color__hover_enabled=&#8221;off&#8221; button_border_radius__hover_enabled=&#8221;off&#8221; button_one_border_radius__hover_enabled=&#8221;off&#8221; button_two_border_radius__hover_enabled=&#8221;off&#8221; button_letter_spacing__hover_enabled=&#8221;off&#8221; button_one_letter_spacing__hover_enabled=&#8221;off&#8221; button_two_letter_spacing__hover_enabled=&#8221;off&#8221; button_bg_color__hover_enabled=&#8221;off&#8221; button_one_bg_color__hover_enabled=&#8221;off&#8221; button_two_bg_color__hover_enabled=&#8221;off&#8221;][et_pb_slide heading=&#8221;Po\u0161tovani,&#8221; alignment=&#8221;bottom&#8221; _builder_version=&#8221;4.16&#8243; global_colors_info=&#8221;{}&#8221; button_text_size__hover_enabled=&#8221;off&#8221; button_one_text_size__hover_enabled=&#8221;off&#8221; button_two_text_size__hover_enabled=&#8221;off&#8221; button_text_color__hover_enabled=&#8221;off&#8221; button_one_text_color__hover_enabled=&#8221;off&#8221; button_two_text_color__hover_enabled=&#8221;off&#8221; button_border_width__hover_enabled=&#8221;off&#8221; button_one_border_width__hover_enabled=&#8221;off&#8221; button_two_border_width__hover_enabled=&#8221;off&#8221; button_border_color__hover_enabled=&#8221;off&#8221; button_one_border_color__hover_enabled=&#8221;off&#8221; button_two_border_color__hover_enabled=&#8221;off&#8221; button_border_radius__hover_enabled=&#8221;off&#8221; button_one_border_radius__hover_enabled=&#8221;off&#8221; button_two_border_radius__hover_enabled=&#8221;off&#8221; button_letter_spacing__hover_enabled=&#8221;off&#8221; button_one_letter_spacing__hover_enabled=&#8221;off&#8221; button_two_letter_spacing__hover_enabled=&#8221;off&#8221; button_bg_color__hover_enabled=&#8221;off&#8221; button_one_bg_color__hover_enabled=&#8221;off&#8221; button_two_bg_color__hover_enabled=&#8221;off&#8221; sticky_transition=&#8221;on&#8221;]<p>&nbsp;<\/p>\n<p>ukoliko imate potrebu za ovjerenim prijevodom dokumenata ili prijevodom tekstova bez ovjere te uslugama konsekutivnog i simultanog prevo\u0111enja, obratite mi se s povjerenjem. Prevodim slu\u017ebene pravne dokumente svih vrsta,\u00a0\u00a0poput sudskih odluka, presuda i rje\u0161enja, zatim osobnih dokumenata poput svjedod\u017ebi i diploma, razne vrste zakona, pravilnika i ugovora te stru\u010dnih tekstova.<\/p>\n<p>S nadom u uspje\u0161nu suradnju!<\/p>[\/et_pb_slide][\/et_pb_slider][\/et_pb_column][\/et_pb_row][et_pb_row column_structure=&#8221;1_4,3_4&#8243; admin_label=&#8221;row&#8221; _builder_version=&#8221;4.16&#8243; background_size=&#8221;initial&#8221; background_position=&#8221;top_left&#8221; background_repeat=&#8221;repeat&#8221; global_colors_info=&#8221;{}&#8221;][et_pb_column type=&#8221;1_4&#8243; _builder_version=&#8221;4.16&#8243; custom_padding=&#8221;|||&#8221; global_colors_info=&#8221;{}&#8221; custom_padding__hover=&#8221;|||&#8221;][et_pb_image src=&#8221;http:\/\/www.interpret.com.hr\/wp-content\/uploads\/2014\/09\/Petra-Nova\u010di\u0107-sudski-tuma\u010d-za-ukrajinski-jezik.jpg&#8221; align_tablet=&#8221;center&#8221; align_phone=&#8221;&#8221; align_last_edited=&#8221;on|desktop&#8221; _builder_version=&#8221;4.16&#8243; animation_style=&#8221;slide&#8221; animation_direction=&#8221;left&#8221; animation_duration=&#8221;500ms&#8221; animation_intensity_slide=&#8221;10%&#8221; animation=&#8221;left&#8221; sticky=&#8221;off&#8221; global_colors_info=&#8221;{}&#8221;][\/et_pb_image][\/et_pb_column][et_pb_column type=&#8221;3_4&#8243; _builder_version=&#8221;4.16&#8243; custom_padding=&#8221;|||&#8221; global_colors_info=&#8221;{}&#8221; custom_padding__hover=&#8221;|||&#8221;][et_pb_text _builder_version=&#8221;4.16&#8243; background_size=&#8221;initial&#8221; background_position=&#8221;top_left&#8221; background_repeat=&#8221;repeat&#8221; text_orientation=&#8221;justified&#8221; use_border_color=&#8221;off&#8221; border_color=&#8221;#ffffff&#8221; border_style=&#8221;solid&#8221; global_colors_info=&#8221;{}&#8221;]Petra Nova\u010di\u0107,\u00a0sudski tuma\u010d za ukrajinski jezik, ro\u0111ena je i odrasla u Zagrebu. Nakon zavr\u0161enog srednjo\u0161kolskog obrazovanja, u I. gimnaziji, u Zagrebu 1997. g. upisala je studij povijesti i ukrajinskog jezika i knji\u017eevnosti na Filozofskom fakultetu Sveu\u010dili\u0161ta u Zagrebu, tijekom kojeg je stekla dr\u017eavnu stipendiju Ministarstva znanosti i obrazovanja RH i imala prilike sudjelovati na nekim prevoditeljskim projektima. Nakon stjecanja diplome profesora povijesti i ukrajinskog jezika i knji\u017eevnosti, 2004. g. je stekla i stru\u010dnu kvalifikaciju sudskog tuma\u010da za ukrajinski jezik. Radno iskustvo u pismenom, konsekutivnom i simultanom prevo\u0111enju stekla je rade\u0107i za sudove, neke ve\u0107e tvrtke, Veleposlanstvo Ukrajine u RH, javnobilje\u017eni\u010dke i odvjetni\u010dke urede, sura\u0111uju\u0107i s prevoditeljima u Hrvatskoj, Sloveniji i BiH te s jednom inozemnom prevoditeljskom tvrtkom (u podru\u010dju subtitlinga). Podru\u010dja s kojima se naj\u010de\u0161\u0107e susre\u0107e u prevo\u0111enju su pravo (pravna dokumentacija), gra\u0111evinarstvo, nuklearna i farmaceutska industrija, ekonomija (bankarstvo). Pored stru\u010dnih tekstova, najradije prevodi knji\u017eevnost, osobito poeziju. \u010clan je Hrvatskog dru\u0161tva znanstvenih i tehni\u010dkih prevoditelja te Hrvatske strukovne udruge sudskih tuma\u010da.\r[\/et_pb_text][\/et_pb_column][\/et_pb_row][\/et_pb_section]\n","protected":false},"excerpt":{"rendered":"<p>&nbsp; ukoliko imate potrebu za ovjerenim prijevodom dokumenata ili prijevodom tekstova bez ovjere te uslugama konsekutivnog i simultanog prevo\u0111enja, obratite mi se s povjerenjem. Prevodim slu\u017ebene pravne dokumente svih vrsta,\u00a0\u00a0poput sudskih odluka, presuda i rje\u0161enja, zatim osobnih dokumenata poput svjedod\u017ebi i diploma, razne vrste zakona, pravilnika i ugovora te stru\u010dnih tekstova. S nadom u uspje\u0161nu [&hellip;]<\/p>\n","protected":false},"author":1,"featured_media":0,"parent":0,"menu_order":0,"comment_status":"closed","ping_status":"closed","template":"","meta":{"_et_pb_use_builder":"on","_et_pb_old_content":"","_et_gb_content_width":"","footnotes":""},"class_list":["post-104","page","type-page","status-publish","hentry"],"aioseo_notices":[],"_links":{"self":[{"href":"https:\/\/www.interpret.com.hr\/index.php?rest_route=\/wp\/v2\/pages\/104","targetHints":{"allow":["GET"]}}],"collection":[{"href":"https:\/\/www.interpret.com.hr\/index.php?rest_route=\/wp\/v2\/pages"}],"about":[{"href":"https:\/\/www.interpret.com.hr\/index.php?rest_route=\/wp\/v2\/types\/page"}],"author":[{"embeddable":true,"href":"https:\/\/www.interpret.com.hr\/index.php?rest_route=\/wp\/v2\/users\/1"}],"replies":[{"embeddable":true,"href":"https:\/\/www.interpret.com.hr\/index.php?rest_route=%2Fwp%2Fv2%2Fcomments&post=104"}],"version-history":[{"count":27,"href":"https:\/\/www.interpret.com.hr\/index.php?rest_route=\/wp\/v2\/pages\/104\/revisions"}],"predecessor-version":[{"id":466,"href":"https:\/\/www.interpret.com.hr\/index.php?rest_route=\/wp\/v2\/pages\/104\/revisions\/466"}],"wp:attachment":[{"href":"https:\/\/www.interpret.com.hr\/index.php?rest_route=%2Fwp%2Fv2%2Fmedia&parent=104"}],"curies":[{"name":"wp","href":"https:\/\/api.w.org\/{rel}","templated":true}]}}